{"id":64,"date":"2019-02-25T15:18:13","date_gmt":"2019-02-25T14:18:13","guid":{"rendered":"https:\/\/lilla.sellei.hu\/foto\/?page_id=64"},"modified":"2019-02-25T23:46:11","modified_gmt":"2019-02-25T22:46:11","slug":"kezdooldal","status":"publish","type":"page","link":"https:\/\/lilla.sellei.hu\/foto\/","title":{"rendered":"Hello"},"content":{"rendered":"\n<p style=\"font-size:18px;text-align:center\"><em>\u201eF\u00e9nyk\u00e9pet gy\u0171jteni annyi, mint a vil\u00e1got gy\u0171jteni.\u201d<\/em><br>Susan Sontag<\/p>\n\n\n\n<p><\/p>\n","protected":false},"excerpt":{"rendered":"<p>\u201eF\u00e9nyk\u00e9pet gy\u0171jteni annyi, mint a vil\u00e1got gy\u0171jteni.\u201dSusan Sontag<\/p>\n","protected":false},"author":2,"featured_media":0,"parent":0,"menu_order":0,"comment_status":"closed","ping_status":"closed","template":"page-templates\/pagebuilder.php","meta":{"ngg_post_thumbnail":0,"footnotes":""},"class_list":["post-64","page","type-page","status-publish","hentry"],"_links":{"self":[{"href":"https:\/\/lilla.sellei.hu\/foto\/wp-json\/wp\/v2\/pages\/64","targetHints":{"allow":["GET"]}}],"collection":[{"href":"https:\/\/lilla.sellei.hu\/foto\/wp-json\/wp\/v2\/pages"}],"about":[{"href":"https:\/\/lilla.sellei.hu\/foto\/wp-json\/wp\/v2\/types\/page"}],"author":[{"embeddable":true,"href":"https:\/\/lilla.sellei.hu\/foto\/wp-json\/wp\/v2\/users\/2"}],"replies":[{"embeddable":true,"href":"https:\/\/lilla.sellei.hu\/foto\/wp-json\/wp\/v2\/comments?post=64"}],"version-history":[{"count":12,"href":"https:\/\/lilla.sellei.hu\/foto\/wp-json\/wp\/v2\/pages\/64\/revisions"}],"predecessor-version":[{"id":642,"href":"https:\/\/lilla.sellei.hu\/foto\/wp-json\/wp\/v2\/pages\/64\/revisions\/642"}],"wp:attachment":[{"href":"https:\/\/lilla.sellei.hu\/foto\/wp-json\/wp\/v2\/media?parent=64"}],"curies":[{"name":"wp","href":"https:\/\/api.w.org\/{rel}","templated":true}]}}